{"id":316,"date":"2018-03-22T12:42:41","date_gmt":"2018-03-22T11:42:41","guid":{"rendered":"http:\/\/www.eclosion.be\/new\/?page_id=316"},"modified":"2019-12-21T23:11:03","modified_gmt":"2019-12-21T22:11:03","slug":"contact","status":"publish","type":"page","link":"https:\/\/www.eclosion.be\/new\/contact\/","title":{"rendered":"Contact"},"content":{"rendered":"<p>[vc_section el_id=\u00a0\u00bbcontact\u00a0\u00bb][vc_row][vc_column]<div  class=\"wpb_content_element   clearfix\"><style type=\"text\/css\" scoped>#ut_am_6a07cec301959 { opacity: 1; }<\/style><div id=\"ut_am_wrap_6a07cec30195a\" class=\"ut-image-gallery-image \" style=\"text-align:center;\"><div class=\"ut-animated-image-item ut-image-gallery-item ut-animation-done\"><a class=\"ut-deactivated-link\" href=\"#\"><img loading=\"lazy\" decoding=\"async\" id=\"ut_am_6a07cec301959\" style=\"\" src=\"https:\/\/www.eclosion.be\/new\/wp-content\/uploads\/2017\/11\/contactImg.png\" width=\"52\" height=\"56\" alt=\"\"\/><\/a><\/div><\/div><\/div>[vc_column_text]<\/p>\n<h2 style=\"text-align: center;\">Contact<\/h2>\n<p>[\/vc_column_text][vc_column_text]<\/p>\n<p style=\"text-align: center;\">Si vous avez la moindre question, n&rsquo;h\u00e9sitez pas \u00e0 nous contacter, nous nous ferons un plaisir de vous r\u00e9pondre dans les plus brefs d\u00e9lais.<\/p>\n<p>[\/vc_column_text][\/vc_column][\/vc_row][vc_row][vc_column width=\u00a0\u00bb1\/2&Prime; effect=\u00a0\u00bbfadeInLeft\u00a0\u00bb]<div class=\"wpb_content_element \">\n<div class=\"wpcf7 no-js\" id=\"wpcf7-f5-o1\" lang=\"en-US\" dir=\"ltr\">\n<div class=\"screen-reader-response\"><p role=\"status\" aria-live=\"polite\" aria-atomic=\"true\"><\/p> <ul><\/ul><\/div>\n<form action=\"\/new\/wp-json\/wp\/v2\/pages\/316#wpcf7-f5-o1\" method=\"post\" class=\"wpcf7-form init\" aria-label=\"Contact form\" novalidate=\"novalidate\" data-status=\"init\">\n<div style=\"display: none;\">\n<input type=\"hidden\" name=\"_wpcf7\" value=\"5\" \/>\n<input type=\"hidden\" name=\"_wpcf7_version\" value=\"5.9.4\" \/>\n<input type=\"hidden\" name=\"_wpcf7_locale\" value=\"en_US\" \/>\n<input type=\"hidden\" name=\"_wpcf7_unit_tag\" value=\"wpcf7-f5-o1\" \/>\n<input type=\"hidden\" name=\"_wpcf7_container_post\" value=\"0\" \/>\n<input type=\"hidden\" name=\"_wpcf7_posted_data_hash\" value=\"\" \/>\n<\/div>\n<p>Votre Nom (requis)\n<\/p>\n<p><span class=\"wpcf7-form-control-wrap\" data-name=\"your-name\"><input size=\"40\" class=\"wpcf7-form-control wpcf7-text wpcf7-validates-as-required\" aria-required=\"true\" aria-invalid=\"false\" value=\"\" type=\"text\" name=\"your-name\" \/><\/span>\n<\/p>\n<p>Votre Email (requis)\n<\/p>\n<p><span class=\"wpcf7-form-control-wrap\" data-name=\"your-email\"><input size=\"40\" class=\"wpcf7-form-control wpcf7-email wpcf7-validates-as-required wpcf7-text wpcf7-validates-as-email\" aria-required=\"true\" aria-invalid=\"false\" value=\"\" type=\"email\" name=\"your-email\" \/><\/span>\n<\/p>\n<p>Objet\n<\/p>\n<p><span class=\"wpcf7-form-control-wrap\" data-name=\"your-subject\"><input size=\"40\" class=\"wpcf7-form-control wpcf7-text\" aria-invalid=\"false\" value=\"\" type=\"text\" name=\"your-subject\" \/><\/span>\n<\/p>\n<p>Votre Message\n<\/p>\n<p><span class=\"wpcf7-form-control-wrap\" data-name=\"your-message\"><textarea cols=\"40\" rows=\"10\" class=\"wpcf7-form-control wpcf7-textarea\" aria-invalid=\"false\" name=\"your-message\"><\/textarea><\/span>\n<\/p>\n<p><br \/>\n<div id=\"cf7sr-6a07cec302a94\" class=\"cf7sr-g-recaptcha\" data-theme=\"light\" data-type=\"image\" data-size=\"normal\" data-sitekey=\"6LdkRU4UAAAAAL8Sf1ZWoTqdfdEfY8wVFPmEpMVR\"><\/div><span class=\"wpcf7-form-control-wrap cf7sr-recaptcha\" data-name=\"cf7sr-recaptcha\"><input type=\"hidden\" name=\"cf7sr-recaptcha\" value=\"\" class=\"wpcf7-form-control\"><\/span>\n<\/p>\n<p><br \/>\n&nbsp;\n<\/p>\n<p><input class=\"wpcf7-form-control wpcf7-submit has-spinner\" type=\"submit\" value=\"Envoyer\" \/>\n<\/p><div class=\"wpcf7-response-output\" aria-hidden=\"true\"><\/div>\n<\/form>\n<\/div>\n<\/div>[\/vc_column][vc_column width=\u00a0\u00bb1\/2&Prime; effect=\u00a0\u00bbfadeInRight\u00a0\u00bb][vc_row_inner effect=\u00a0\u00bbnone\u00a0\u00bb][vc_column_inner width=\u00a0\u00bb1\/2&Prime;]<div class=\"wpb_content_element \"><style type=\"text\/css\" scoped>#ut_scv_6a07cec303117 .ut-service-icon .fa.fa-stack-1x { color: #f0a839; }#ut_scv_6a07cec303117 .ut-service-column.ut-vertical h3 { color: #f0a839; }#ut_scv_6a07cec303117 .ut-service-column.ut-vertical a.ut-service-column-vertical-link i { color: #f0a839; }<\/style><div id=\"ut_scv_6a07cec303117\" class=\" clearfix  ut-vertical-style ut-vertical-style-align-center\" ><figure  class=\"ut-service-icon ut-service-icon-normal ut-service-icon-large\"><i style=\"color: #f0a839\" class=\"fa fa-envelope-o\"><\/i><\/figure><div class=\"ut-service-column ut-vertical\"><h3>Courriel<\/h3><p>info@eclosion.be<\/p><\/div><\/div><\/div>[\/vc_column_inner][vc_column_inner width=\u00a0\u00bb1\/2&Prime;]<div class=\"wpb_content_element \"><style type=\"text\/css\" scoped>#ut_scv_6a07cec303151 .ut-service-icon .fa.fa-stack-1x { color: #f0a839; }#ut_scv_6a07cec303151 .ut-service-column.ut-vertical h3 { color: #f0a839; }#ut_scv_6a07cec303151 .ut-service-column.ut-vertical a.ut-service-column-vertical-link i { color: #f0a839; }<\/style><div id=\"ut_scv_6a07cec303151\" class=\" clearfix  ut-vertical-style ut-vertical-style-align-center\" ><figure  class=\"ut-service-icon ut-service-icon-normal ut-service-icon-large\"><i style=\"color: #f0a839\" class=\"fa fa-phone\"><\/i><\/figure><div class=\"ut-service-column ut-vertical\"><h3>T\u00e9l\u00e9phone<\/h3><p>+32 470 47 05 03<br \/>\n9:00 &#8211; 17:00<br \/>\nde pr\u00e9f\u00e9rence avant midi<\/p><\/div><\/div><\/div>[\/vc_column_inner][\/vc_row_inner][vc_row_inner effect=\u00a0\u00bbnone\u00a0\u00bb][vc_column_inner width=\u00a0\u00bb1\/2&Prime;]<div class=\"wpb_content_element \"><style type=\"text\/css\" scoped>#ut_scv_6a07cec303169 .ut-service-icon .fa.fa-stack-1x { color: #f0a839; }#ut_scv_6a07cec303169 .ut-service-column.ut-vertical h3 { color: #f0a839; }#ut_scv_6a07cec303169 .ut-service-column.ut-vertical a.ut-service-column-vertical-link i { color: #f0a839; }<\/style><div id=\"ut_scv_6a07cec303169\" class=\" clearfix  ut-vertical-style ut-vertical-style-align-center\" ><figure  class=\"ut-service-icon ut-service-icon-normal ut-service-icon-large\"><i style=\"color: #f0a839\" class=\"fa fa-flag-o\"><\/i><\/figure><div class=\"ut-service-column ut-vertical\"><h3>Adresse<\/h3><p>Rue Josse Impens, 125<br \/>\n1030 Schaerbeek<\/p><\/div><\/div><\/div>[\/vc_column_inner][vc_column_inner width=\u00a0\u00bb1\/2&Prime;]<div class=\"wpb_content_element \"><style type=\"text\/css\" scoped>#ut_scv_6a07cec303181 .ut-service-icon .fa.fa-stack-1x { color: #f0a839; }#ut_scv_6a07cec303181 .ut-service-column.ut-vertical h3 { color: #f0a839; }#ut_scv_6a07cec303181 .ut-service-column.ut-vertical a.ut-service-column-vertical-link i { color: #f0a839; }<\/style><div id=\"ut_scv_6a07cec303181\" class=\" clearfix  ut-vertical-style ut-vertical-style-align-center\" ><figure  class=\"ut-service-icon ut-service-icon-normal ut-service-icon-large\"><i style=\"color: #f0a839\" class=\"fa fa-facebook-official\"><\/i><\/figure><div class=\"ut-service-column ut-vertical\"><h3>Facebook<\/h3><p>Suivez-nous !<\/p><a class=\"ut-service-column-vertical-link ut-service-column-vertical-link-icon-after ut-service-column-vertical-link-with-animation\" title=\"\" href=\"https:\/\/www.facebook.com\/%C3%89closion-ASBL-459316984218188\/\" target=\" _blank\" rel=\"noopener\"><i class=\"BklynIcons-Right-3\"><\/i><\/a><\/div><\/div><\/div>[\/vc_column_inner][\/vc_row_inner][\/vc_column][\/vc_row][\/vc_section]<\/p>\n","protected":false},"excerpt":{"rendered":"<p>[vc_section el_id=\u00a0\u00bbcontact\u00a0\u00bb][vc_row][vc_column][vc_column_text] Contact [\/vc_column_text][vc_column_text] Si vous avez la moindre question, n&rsquo;h\u00e9sitez pas \u00e0 nous contacter, nous nous ferons un plaisir de vous r\u00e9pondre dans les plus brefs d\u00e9lais. [\/vc_column_text][\/vc_column][\/vc_row][vc_row][vc_column width=\u00a0\u00bb1\/2&Prime; effect=\u00a0\u00bbfadeInLeft\u00a0\u00bb][\/vc_column][vc_column width=\u00a0\u00bb1\/2&Prime; effect=\u00a0\u00bbfadeInRight\u00a0\u00bb][vc_row_inner effect=\u00a0\u00bbnone\u00a0\u00bb][vc_column_inner width=\u00a0\u00bb1\/2&Prime;][\/vc_column_inner][vc_column_inner width=\u00a0\u00bb1\/2&Prime;][\/vc_column_inner][\/vc_row_inner][vc_row_inner effect=\u00a0\u00bbnone\u00a0\u00bb][vc_column_inner width=\u00a0\u00bb1\/2&Prime;][\/vc_column_inner][vc_column_inner width=\u00a0\u00bb1\/2&Prime;][\/vc_column_inner][\/vc_row_inner][\/vc_column][\/vc_row][\/vc_section]<\/p>\n","protected":false},"author":1,"featured_media":0,"parent":0,"menu_order":6,"comment_status":"closed","ping_status":"closed","template":"","meta":{"footnotes":""},"class_list":["post-316","page","type-page","status-publish","hentry"],"_links":{"self":[{"href":"https:\/\/www.eclosion.be\/new\/wp-json\/wp\/v2\/pages\/316","targetHints":{"allow":["GET"]}}],"collection":[{"href":"https:\/\/www.eclosion.be\/new\/wp-json\/wp\/v2\/pages"}],"about":[{"href":"https:\/\/www.eclosion.be\/new\/wp-json\/wp\/v2\/types\/page"}],"author":[{"embeddable":true,"href":"https:\/\/www.eclosion.be\/new\/wp-json\/wp\/v2\/users\/1"}],"replies":[{"embeddable":true,"href":"https:\/\/www.eclosion.be\/new\/wp-json\/wp\/v2\/comments?post=316"}],"version-history":[{"count":9,"href":"https:\/\/www.eclosion.be\/new\/wp-json\/wp\/v2\/pages\/316\/revisions"}],"predecessor-version":[{"id":536,"href":"https:\/\/www.eclosion.be\/new\/wp-json\/wp\/v2\/pages\/316\/revisions\/536"}],"wp:attachment":[{"href":"https:\/\/www.eclosion.be\/new\/wp-json\/wp\/v2\/media?parent=316"}],"curies":[{"name":"wp","href":"https:\/\/api.w.org\/{rel}","templated":true}]}}